{"id":568,"date":"2024-05-06T12:45:19","date_gmt":"2024-05-06T10:45:19","guid":{"rendered":"https:\/\/www.airenergy.de\/en\/?page_id=568"},"modified":"2024-05-06T12:51:41","modified_gmt":"2024-05-06T10:51:41","slug":"data-protection","status":"publish","type":"page","link":"https:\/\/www.airenergy.de\/en\/data-protection\/","title":{"rendered":"Data Protection"},"content":{"rendered":"<header class=\"entry-header\">\n<h1 class=\"entry-title\">Datenschutzerkl\u00e4rung<\/h1>\n<\/header>\n<div class=\"entry-content\">\n<p>Die Angebote und Leistungen der Air Energy Entwicklungs GmbH &amp; Co KG richten sich an gewerbliche Kunden. Nachfolgend m\u00f6chten wir Sie dar\u00fcber informieren, welche Daten bei Ihrem Besuch unseres Internetauftritts erhoben werden und wie diese von uns im Folgenden verarbeitet oder genutzt werden, ebenso wie, welche begleitenden Schutzma\u00dfnahmen wir auch in technischer und organisatorischer Hinsicht getroffen haben.<\/p>\n<h6 class=\"wp-block-heading\">Verantwortliche Stelle\/Diensteanbieter<\/h6>\n<p>Verantwortliche Stelle im Sinne des Bundesdatenschutzgesetzes (BDSG) und zugleich Diensteanbieter im Sinne des Telemediengesetzes (TMG) ist die Air Energy Entwicklungs GmbH &amp; Co KG, vgl. Sie dazu unser <a href=\"https:\/\/airenergy.de\/en\/impressum\/\">Impressum<\/a>.<\/p>\n<h6 class=\"wp-block-heading\">Erhebung und Verwendung Ihrer Daten<\/h6>\n<p>F\u00fcr die nur informatorische Nutzung unserer Webseiten ist es grunds\u00e4tzlich nicht erforderlich, dass Sie personenbezogene Daten angeben.<br \/>\nVielmehr erheben und verwenden wir in diesem Fall nur diejenigen Ihrer Daten, die uns Ihr Internetbrowser automatisch \u00fcbermittelt, wie etwa:<\/p>\n<ul>\n<li>Datum und Uhrzeit des Abrufs einer unserer Internetseiten<\/li>\n<li>Ihren Browsertyp<\/li>\n<li>die Browser-Einstellungen<\/li>\n<li>das verwendete Betriebssystem<\/li>\n<li>die von Ihnen zuletzt besuchte Seite<\/li>\n<li>die \u00fcbertragene Datenmenge und der Zugriffsstatus (Datei \u00fcbertragen, Datei nicht gefunden etc.) sowie<\/li>\n<li>Ihre IP-Adresse.<\/li>\n<\/ul>\n<p>Diese Daten erheben und verwenden wir bei einem informatorischen Besuch ausschlie\u00dflich in nicht-personenbezogener Form. Dies erfolgt, um die Nutzung der von Ihnen abgerufenen Internetseiten \u00fcberhaupt zu erm\u00f6glichen, zu statistischen Zwecken sowie zur Verbesserung unseres Internetangebots. Die IP-Adresse speichern wir nur f\u00fcr die Dauer Ihres Besuchs , eine personenbezogene Auswertung findet nicht statt.<\/p>\n<h6 class=\"wp-block-heading\">Kontakt<\/h6>\n<p>Sie k\u00f6nnen uns entweder eine Nachricht oder eine Angebotsanfrage \u00fcber unsere Kontaktdaten zukommen lassen. F\u00fcr die Nachricht ben\u00f6tigen wir Ihren Namen und die Firma Ihres Unternehmens.<\/p>\n<p>F\u00fcr die Angebotsanfrage ben\u00f6tigen wir Ihren Namen, die Firma und Anschrift Ihres Unternehmens und die Angabe Ihrer Telefonnummer sowie einer E-Mail-Adresse.<\/p>\n<h6 class=\"wp-block-heading\">Einsatz von Cookies<\/h6>\n<p>Auf unserer Webseite nutzen wir die Technik der Cookies. Cookies sind kleine Textdateien, die im Rahmen Ihres Besuchs unserer Internetseiten von unserem Webserver an Ihren Browser gesandt und von diesem auf Ihrem Rechner f\u00fcr einen sp\u00e4teren Abruf vorgehalten werden.<\/p>\n<p>Diese Website nutzt Cookies in folgendem Umfang:<\/p>\n<ul>\n<li>Persistente Cookies (zeitlich beschr\u00e4nkter Einsatz)<\/li>\n<li>Third-Party Cookies (von Drittanbietern)<\/li>\n<\/ul>\n<p>Persistente Cookies werden automatisiert nach einer vorgegebenen Dauer gel\u00f6scht, die sich je nach Cookie unterscheiden kann. Sie k\u00f6nnen die Cookies in den Sicherheitseinstellungen Ihres Browsers jederzeit l\u00f6schen.<\/p>\n<p>Sie k\u00f6nnen Ihre Browser-Einstellung entsprechend Ihren W\u00fcnschen konfigurieren und z.\u2009B. die Annahme von Third-Party-Cookies oder allen Cookies ablehnen. Wir weisen Sie jedoch darauf hin, dass Sie dann eventuell nicht alle Funktionen dieser Website nutzen k\u00f6nnen.<\/p>\n<p>Eine Erhebung oder Speicherung personenbezogener Daten in Cookies findet in diesem Zusammenhang durch uns nicht statt. Wir setzen auch keine Techniken ein, die durch Cookies anfallende Informationen mit Nutzerdaten verbinden.<\/p>\n<h6 class=\"wp-block-heading\">Google Maps<\/h6>\n<p>Auf unseren Webseiten binden wir Inhalte von Google Maps ein, um Ihnen den genauen Standort unseres Unternehmens vereinfacht darstellen zu k\u00f6nnen. Dadurch wird automatisch eine Verbindung von Ihrem Browser zum Google Maps Server aufgebaut und somit auch Ihre IP-Adresse \u00fcbermittelt. Sollten Sie parallel zum Besuch unserer Webseiten auch bei Google mit einem vorhandenem Benutzerkonto eingeloggt sein, erf\u00e4hrt der Anbieter von Google Maps dadurch mehr zu Ihrem Surfverhalten. W\u00fcnschen Sie dies nicht, loggen Sie sich zuvor bei Google aus.Wir weisen darauf hin, dass wir als Anbieter unserer Webseiten keine Kenntnis vom Inhalt der \u00fcbermittelten Daten sowie deren Nutzung durch Google erhalten.<\/p>\n<p>Weitere Informationen zum Datenschutz bei der Google Inc. (1600 AmphitheatreParkway, Mountain View, CA 94043, USA; \u201eGoogle\u201c) finden Sie unter: http:\/\/www.google.de\/policies\/privacy\/<\/p>\n<h6 class=\"wp-block-heading\">Social Media Plugins<\/h6>\n<p>Wir verwenden derzeit keine Social Media Plugins.<\/p>\n<h6 class=\"wp-block-heading\">Verarbeitung Ihrer personenbezogenen Daten in Staaten au\u00dferhalb der EU<\/h6>\n<p>Eine Verarbeitung Ihrer personenbezogenen Daten in Staaten au\u00dferhalb der Europ\u00e4ischen Union findet nicht statt, mit Ausnahme der Anwendung GoogleMaps.<\/p>\n<h6 class=\"wp-block-heading\">Ihre Rechte als Nutzer: Auskunft, L\u00f6schung, Sperrung<\/h6>\n<p>Sie haben jederzeit das Recht auf unentgeltliche Auskunft \u00fcber Ihre gespeicherten personenbezogenen Daten, deren Herkunft und Empf\u00e4nger und den Zweck der Datenverarbeitung sowie ein Recht auf Berichtigung, Sperrung oder L\u00f6schung dieser Daten, soweit deren Speicherung unzul\u00e4ssig oder nicht mehr erforderlich ist.\u2028Hierzu sowie zu weiteren Fragen zum Thema personenbezogene Daten k\u00f6nnen Sie sich jederzeit per E-Mail an unseren externen Datenschutzbeauftragten wenden (Kontaktdaten siehe unten):<\/p>\n<h6 class=\"wp-block-heading\">Widerrufs- und Widerspruchsrecht<\/h6>\n<p>Wir weisen Sie darauf hin, dass Sie eine uns ggf. erteilte datenschutzrechtliche Einwilligung jederzeit mit Wirkung f\u00fcr die Zukunft widerrufen k\u00f6nnen.<br \/>\nDazu wenden Sie sich am besten formlos per E-Mail.<\/p>\n<h6 class=\"wp-block-heading\">Datensicherheit<\/h6>\n<p>Wir setzen zudem technische und organisatorische Sicherheitsma\u00dfnahmen ein, um anfallende oder erhobene personenbezogene Daten zu sch\u00fctzen, insb. gegen zuf\u00e4llige oder vors\u00e4tzliche Manipulation, Verlust, Zerst\u00f6rung oder gegen den Angriff unberechtigter Personen. Unsere Sicherheitsma\u00dfnahmen werden entsprechend der technologischen Entwicklung fortlaufend verbessert.<\/p>\n<p>Die \u00dcbertragung Ihrer personenbezogenen Daten wird dabei per SSL-Technik (https) verschl\u00fcsselt, um Zugriffe unberechtigter Dritter zu verhindern.<\/p>\n<h6 class=\"wp-block-heading\">Kommunikation per E-Mail<\/h6>\n<p>Bei der Kommunikation per E-Mail kann die vollst\u00e4ndige Datensicherheit von uns nicht gew\u00e4hrleistet werden, sodass wir Ihnen bei Informationen mit hohem Geheimhaltungsbed\u00fcrfnis den Postweg empfehlen.<\/p>\n<h6 class=\"wp-block-heading\">Datenschutzbeauftragter<\/h6>\n<p>Datenschutzbeauftragter<br \/>\nAir Energy Entwicklungs GmbH &amp; Co KG<br \/>\nGewerbepark Brand 78<br \/>\n52078 Aachen<br \/>\nTelefon +49 241 9128 2020<br \/>\nE-Mail datenschutz@airenergy.de<\/p>\n<\/div>\n","protected":false},"excerpt":{"rendered":"<p>Datenschutzerkl\u00e4rung Die Angebote und Leistungen der Air Energy Entwicklungs GmbH &amp; Co KG richten sich an gewerbliche Kunden. Nachfolgend m\u00f6chten wir Sie dar\u00fcber informieren, welche Daten bei Ihrem Besuch unseres Internetauftritts erhoben werden und wie diese von uns im Folgenden verarbeitet oder genutzt werden, ebenso wie, welche begleitenden Schutzma\u00dfnahmen wir auch in technischer und organisatorischer [&hellip;]<\/p>\n","protected":false},"author":3,"featured_media":0,"parent":0,"menu_order":0,"comment_status":"closed","ping_status":"closed","template":"","meta":{"footnotes":""},"class_list":["post-568","page","type-page","status-publish","hentry","post"],"yoast_head":"<!-- This site is optimized with the Yoast SEO plugin v26.8 - https:\/\/yoast.com\/product\/yoast-seo-wordpress\/ -->\n<title>Data Protection - Welcome to Air Energy<\/title>\n<meta name=\"robots\" content=\"index, follow, max-snippet:-1, max-image-preview:large, max-video-preview:-1\" \/>\n<link rel=\"canonical\" href=\"https:\/\/www.airenergy.de\/en\/data-protection\/\" \/>\n<meta property=\"og:locale\" content=\"de_DE\" \/>\n<meta property=\"og:type\" content=\"article\" \/>\n<meta property=\"og:title\" content=\"Data Protection - Welcome to Air Energy\" \/>\n<meta property=\"og:description\" content=\"Datenschutzerkl\u00e4rung Die Angebote und Leistungen der Air Energy Entwicklungs GmbH &amp; Co KG richten sich an gewerbliche Kunden. Nachfolgend m\u00f6chten wir Sie dar\u00fcber informieren, welche Daten bei Ihrem Besuch unseres Internetauftritts erhoben werden und wie diese von uns im Folgenden verarbeitet oder genutzt werden, ebenso wie, welche begleitenden Schutzma\u00dfnahmen wir auch in technischer und organisatorischer [&hellip;]\" \/>\n<meta property=\"og:url\" content=\"https:\/\/www.airenergy.de\/en\/data-protection\/\" \/>\n<meta property=\"og:site_name\" content=\"Welcome to Air Energy\" \/>\n<meta property=\"article:modified_time\" content=\"2024-05-06T10:51:41+00:00\" \/>\n<meta name=\"twitter:card\" content=\"summary_large_image\" \/>\n<meta name=\"twitter:label1\" content=\"Gesch\u00e4tzte Lesezeit\" \/>\n\t<meta name=\"twitter:data1\" content=\"5\u00a0Minuten\" \/>\n<script type=\"application\/ld+json\" class=\"yoast-schema-graph\">{\"@context\":\"https:\/\/schema.org\",\"@graph\":[{\"@type\":\"WebPage\",\"@id\":\"https:\/\/www.airenergy.de\/en\/data-protection\/\",\"url\":\"https:\/\/www.airenergy.de\/en\/data-protection\/\",\"name\":\"Data Protection - Welcome to Air Energy\",\"isPartOf\":{\"@id\":\"https:\/\/www.airenergy.de\/en\/#website\"},\"datePublished\":\"2024-05-06T10:45:19+00:00\",\"dateModified\":\"2024-05-06T10:51:41+00:00\",\"breadcrumb\":{\"@id\":\"https:\/\/www.airenergy.de\/en\/data-protection\/#breadcrumb\"},\"inLanguage\":\"de\",\"potentialAction\":[{\"@type\":\"ReadAction\",\"target\":[\"https:\/\/www.airenergy.de\/en\/data-protection\/\"]}]},{\"@type\":\"BreadcrumbList\",\"@id\":\"https:\/\/www.airenergy.de\/en\/data-protection\/#breadcrumb\",\"itemListElement\":[{\"@type\":\"ListItem\",\"position\":1,\"name\":\"Startseite\",\"item\":\"https:\/\/www.airenergy.de\/en\/\"},{\"@type\":\"ListItem\",\"position\":2,\"name\":\"Data Protection\"}]},{\"@type\":\"WebSite\",\"@id\":\"https:\/\/www.airenergy.de\/en\/#website\",\"url\":\"https:\/\/www.airenergy.de\/en\/\",\"name\":\"Welcome to Air Energy\",\"description\":\"Battery Systems and Electronics\",\"potentialAction\":[{\"@type\":\"SearchAction\",\"target\":{\"@type\":\"EntryPoint\",\"urlTemplate\":\"https:\/\/www.airenergy.de\/en\/?s={search_term_string}\"},\"query-input\":{\"@type\":\"PropertyValueSpecification\",\"valueRequired\":true,\"valueName\":\"search_term_string\"}}],\"inLanguage\":\"de\"}]}<\/script>\n<!-- \/ Yoast SEO plugin. -->","yoast_head_json":{"title":"Data Protection - Welcome to Air Energy","robots":{"index":"index","follow":"follow","max-snippet":"max-snippet:-1","max-image-preview":"max-image-preview:large","max-video-preview":"max-video-preview:-1"},"canonical":"https:\/\/www.airenergy.de\/en\/data-protection\/","og_locale":"de_DE","og_type":"article","og_title":"Data Protection - Welcome to Air Energy","og_description":"Datenschutzerkl\u00e4rung Die Angebote und Leistungen der Air Energy Entwicklungs GmbH &amp; Co KG richten sich an gewerbliche Kunden. Nachfolgend m\u00f6chten wir Sie dar\u00fcber informieren, welche Daten bei Ihrem Besuch unseres Internetauftritts erhoben werden und wie diese von uns im Folgenden verarbeitet oder genutzt werden, ebenso wie, welche begleitenden Schutzma\u00dfnahmen wir auch in technischer und organisatorischer [&hellip;]","og_url":"https:\/\/www.airenergy.de\/en\/data-protection\/","og_site_name":"Welcome to Air Energy","article_modified_time":"2024-05-06T10:51:41+00:00","twitter_card":"summary_large_image","twitter_misc":{"Gesch\u00e4tzte Lesezeit":"5\u00a0Minuten"},"schema":{"@context":"https:\/\/schema.org","@graph":[{"@type":"WebPage","@id":"https:\/\/www.airenergy.de\/en\/data-protection\/","url":"https:\/\/www.airenergy.de\/en\/data-protection\/","name":"Data Protection - Welcome to Air Energy","isPartOf":{"@id":"https:\/\/www.airenergy.de\/en\/#website"},"datePublished":"2024-05-06T10:45:19+00:00","dateModified":"2024-05-06T10:51:41+00:00","breadcrumb":{"@id":"https:\/\/www.airenergy.de\/en\/data-protection\/#breadcrumb"},"inLanguage":"de","potentialAction":[{"@type":"ReadAction","target":["https:\/\/www.airenergy.de\/en\/data-protection\/"]}]},{"@type":"BreadcrumbList","@id":"https:\/\/www.airenergy.de\/en\/data-protection\/#breadcrumb","itemListElement":[{"@type":"ListItem","position":1,"name":"Startseite","item":"https:\/\/www.airenergy.de\/en\/"},{"@type":"ListItem","position":2,"name":"Data Protection"}]},{"@type":"WebSite","@id":"https:\/\/www.airenergy.de\/en\/#website","url":"https:\/\/www.airenergy.de\/en\/","name":"Welcome to Air Energy","description":"Battery Systems and Electronics","potentialAction":[{"@type":"SearchAction","target":{"@type":"EntryPoint","urlTemplate":"https:\/\/www.airenergy.de\/en\/?s={search_term_string}"},"query-input":{"@type":"PropertyValueSpecification","valueRequired":true,"valueName":"search_term_string"}}],"inLanguage":"de"}]}},"_links":{"self":[{"href":"https:\/\/www.airenergy.de\/en\/wp-json\/wp\/v2\/pages\/568","targetHints":{"allow":["GET"]}}],"collection":[{"href":"https:\/\/www.airenergy.de\/en\/wp-json\/wp\/v2\/pages"}],"about":[{"href":"https:\/\/www.airenergy.de\/en\/wp-json\/wp\/v2\/types\/page"}],"author":[{"embeddable":true,"href":"https:\/\/www.airenergy.de\/en\/wp-json\/wp\/v2\/users\/3"}],"replies":[{"embeddable":true,"href":"https:\/\/www.airenergy.de\/en\/wp-json\/wp\/v2\/comments?post=568"}],"version-history":[{"count":4,"href":"https:\/\/www.airenergy.de\/en\/wp-json\/wp\/v2\/pages\/568\/revisions"}],"predecessor-version":[{"id":575,"href":"https:\/\/www.airenergy.de\/en\/wp-json\/wp\/v2\/pages\/568\/revisions\/575"}],"wp:attachment":[{"href":"https:\/\/www.airenergy.de\/en\/wp-json\/wp\/v2\/media?parent=568"}],"curies":[{"name":"wp","href":"https:\/\/api.w.org\/{rel}","templated":true}]}}