{"id":222,"date":"2014-06-23T13:38:26","date_gmt":"2014-06-23T11:38:26","guid":{"rendered":"http:\/\/www.airenergy.de\/en\/?page_id=222"},"modified":"2024-05-06T12:52:34","modified_gmt":"2024-05-06T10:52:34","slug":"impressum","status":"publish","type":"page","link":"https:\/\/www.airenergy.de\/en\/impressum\/","title":{"rendered":"Impressum"},"content":{"rendered":"<div id=\"pl-222\"  class=\"panel-layout\" ><div id=\"pg-222-0\"  class=\"panel-grid panel-no-style\" ><div id=\"pgc-222-0-0\"  class=\"panel-grid-cell\" ><div id=\"panel-222-0-0-0\" class=\"so-panel widget widget_black-studio-tinymce widget_black_studio_tinymce panel-first-child panel-last-child\" data-index=\"0\" ><div class=\"textwidget\"><p>Air Energy Entwicklungsgesellschaft mbH &amp; Co KG<\/p>\n<p>Gewerbepark Brand 78<br \/>\n52078 Aachen<\/p>\n<p><strong>Kontakt:<\/strong><br \/>\nTelefon: 0241-408681<br \/>\nFax: 0241-406785<br \/>\nE-Mail:\u00a0<a href=\"mailto:info@airenergy.de\">info@airenergy.de<\/a><\/p>\n<p><strong>Registereintrag:\u00a0<\/strong><br \/>\nAmtsgericht Aachen<\/p>\n<p>Registernummer: 73 HRA 3861<\/p>\n<p><strong>Umsatzsteuer-ID:\u00a0<\/strong><br \/>\nUmsatzsteuer-Identifikationsnummer gem\u00e4\u00df \u00a727a Umsatzsteuergesetz:<br \/>\nDE121685105<\/p>\n<p><strong>Inhaltlich Verantwortlicher gem\u00e4\u00df \u00a75 TMG<\/strong><\/p>\n<p>Christoph Sch\u00e4per<br \/>\n(Anschrift wie oben)<\/p>\n<\/div><\/div><\/div><div id=\"pgc-222-0-1\"  class=\"panel-grid-cell\" ><div id=\"panel-222-0-1-0\" class=\"so-panel widget widget_black-studio-tinymce widget_black_studio_tinymce panel-first-child panel-last-child\" data-index=\"1\" ><div class=\"textwidget\"><p><strong>Haftungsausschluss:\u00a0<\/strong><\/p>\n<p> Unser Angebot enth\u00e4lt Links zu externen Webseiten Dritter, auf deren Inhalte wir keinen Einfluss haben. Deshalb k\u00f6nnen wir f\u00fcr diese fremden Inhalte auch keine Gew\u00e4hr \u00fcbernehmen. F\u00fcr die Inhalte der verlinkten Seiten ist stets der jeweilige Anbieter oder Betreiber der Seiten verantwortlich. Die verlinkten Seiten wurden zum Zeitpunkt der Verlinkung auf m\u00f6gliche Rechtsverst\u00f6\u00dfe \u00fcberpr\u00fcft. Rechtswidrige Inhalte waren zum Zeitpunkt der Verlinkung nicht erkennbar. Eine permanente inhaltliche Kontrolle der verlinkten Seiten ist jedoch ohne konkrete Anhaltspunkte einer Rechtsverletzung nicht zumutbar. Bei Bekanntwerden von Rechtsverletzungen werden wir derartige Links umgehend entfernen.<\/p>\n<p>\u00a0<\/p>\n<\/div><\/div><\/div><\/div><\/div>","protected":false},"excerpt":{"rendered":"<p>Air Energy Entwicklungsgesellschaft mbH &amp; Co KG Gewerbepark Brand 78 52078 Aachen Kontakt: Telefon: 0241-408681 Fax: 0241-406785 E-Mail:\u00a0info@airenergy.de Registereintrag:\u00a0 Amtsgericht Aachen Registernummer: 73 HRA 3861 Umsatzsteuer-ID:\u00a0 Umsatzsteuer-Identifikationsnummer gem\u00e4\u00df \u00a727a Umsatzsteuergesetz: DE121685105 Inhaltlich Verantwortlicher gem\u00e4\u00df \u00a75 TMG Christoph Sch\u00e4per (Anschrift wie oben) Haftungsausschluss:\u00a0 Unser Angebot enth\u00e4lt Links zu externen Webseiten Dritter, auf deren Inhalte wir keinen [&hellip;]<\/p>\n","protected":false},"author":1,"featured_media":0,"parent":0,"menu_order":6,"comment_status":"closed","ping_status":"closed","template":"","meta":{"footnotes":""},"class_list":["post-222","page","type-page","status-publish","hentry","post"],"yoast_head":"<!-- This site is optimized with the Yoast SEO plugin v26.8 - https:\/\/yoast.com\/product\/yoast-seo-wordpress\/ -->\n<title>Impressum - Air Energy<\/title>\n<meta name=\"description\" content=\"Imprint according to \u00a75 Telemediengesetz: Air Energy Entwicklungs GmbH &amp; Co. KG Gewerbepark Brand 7852078 Aachen, Responsible: Christoph Sch\u00e4per\" \/>\n<meta name=\"robots\" content=\"index, follow, max-snippet:-1, max-image-preview:large, max-video-preview:-1\" \/>\n<link rel=\"canonical\" href=\"https:\/\/www.airenergy.de\/en\/impressum\/\" \/>\n<meta property=\"og:locale\" content=\"de_DE\" \/>\n<meta property=\"og:type\" content=\"article\" \/>\n<meta property=\"og:title\" content=\"Impressum - Air Energy\" \/>\n<meta property=\"og:description\" content=\"Imprint according to \u00a75 Telemediengesetz: Air Energy Entwicklungs GmbH &amp; Co. KG Gewerbepark Brand 7852078 Aachen, Responsible: Christoph Sch\u00e4per\" \/>\n<meta property=\"og:url\" content=\"https:\/\/www.airenergy.de\/en\/impressum\/\" \/>\n<meta property=\"og:site_name\" content=\"Welcome to Air Energy\" \/>\n<meta property=\"article:modified_time\" content=\"2024-05-06T10:52:34+00:00\" \/>\n<meta name=\"twitter:card\" content=\"summary_large_image\" \/>\n<meta name=\"twitter:label1\" content=\"Gesch\u00e4tzte Lesezeit\" \/>\n\t<meta name=\"twitter:data1\" content=\"1\u00a0Minute\" \/>\n<script type=\"application\/ld+json\" class=\"yoast-schema-graph\">{\"@context\":\"https:\/\/schema.org\",\"@graph\":[{\"@type\":\"WebPage\",\"@id\":\"https:\/\/www.airenergy.de\/en\/impressum\/\",\"url\":\"https:\/\/www.airenergy.de\/en\/impressum\/\",\"name\":\"Impressum - Air Energy\",\"isPartOf\":{\"@id\":\"https:\/\/www.airenergy.de\/en\/#website\"},\"datePublished\":\"2014-06-23T11:38:26+00:00\",\"dateModified\":\"2024-05-06T10:52:34+00:00\",\"description\":\"Imprint according to \u00a75 Telemediengesetz: Air Energy Entwicklungs GmbH & Co. KG Gewerbepark Brand 7852078 Aachen, Responsible: Christoph Sch\u00e4per\",\"breadcrumb\":{\"@id\":\"https:\/\/www.airenergy.de\/en\/impressum\/#breadcrumb\"},\"inLanguage\":\"de\",\"potentialAction\":[{\"@type\":\"ReadAction\",\"target\":[\"https:\/\/www.airenergy.de\/en\/impressum\/\"]}]},{\"@type\":\"BreadcrumbList\",\"@id\":\"https:\/\/www.airenergy.de\/en\/impressum\/#breadcrumb\",\"itemListElement\":[{\"@type\":\"ListItem\",\"position\":1,\"name\":\"Startseite\",\"item\":\"https:\/\/www.airenergy.de\/en\/\"},{\"@type\":\"ListItem\",\"position\":2,\"name\":\"Impressum\"}]},{\"@type\":\"WebSite\",\"@id\":\"https:\/\/www.airenergy.de\/en\/#website\",\"url\":\"https:\/\/www.airenergy.de\/en\/\",\"name\":\"Welcome to Air Energy\",\"description\":\"Battery Systems and Electronics\",\"potentialAction\":[{\"@type\":\"SearchAction\",\"target\":{\"@type\":\"EntryPoint\",\"urlTemplate\":\"https:\/\/www.airenergy.de\/en\/?s={search_term_string}\"},\"query-input\":{\"@type\":\"PropertyValueSpecification\",\"valueRequired\":true,\"valueName\":\"search_term_string\"}}],\"inLanguage\":\"de\"}]}<\/script>\n<!-- \/ Yoast SEO plugin. -->","yoast_head_json":{"title":"Impressum - Air Energy","description":"Imprint according to \u00a75 Telemediengesetz: Air Energy Entwicklungs GmbH & Co. KG Gewerbepark Brand 7852078 Aachen, Responsible: Christoph Sch\u00e4per","robots":{"index":"index","follow":"follow","max-snippet":"max-snippet:-1","max-image-preview":"max-image-preview:large","max-video-preview":"max-video-preview:-1"},"canonical":"https:\/\/www.airenergy.de\/en\/impressum\/","og_locale":"de_DE","og_type":"article","og_title":"Impressum - Air Energy","og_description":"Imprint according to \u00a75 Telemediengesetz: Air Energy Entwicklungs GmbH & Co. KG Gewerbepark Brand 7852078 Aachen, Responsible: Christoph Sch\u00e4per","og_url":"https:\/\/www.airenergy.de\/en\/impressum\/","og_site_name":"Welcome to Air Energy","article_modified_time":"2024-05-06T10:52:34+00:00","twitter_card":"summary_large_image","twitter_misc":{"Gesch\u00e4tzte Lesezeit":"1\u00a0Minute"},"schema":{"@context":"https:\/\/schema.org","@graph":[{"@type":"WebPage","@id":"https:\/\/www.airenergy.de\/en\/impressum\/","url":"https:\/\/www.airenergy.de\/en\/impressum\/","name":"Impressum - Air Energy","isPartOf":{"@id":"https:\/\/www.airenergy.de\/en\/#website"},"datePublished":"2014-06-23T11:38:26+00:00","dateModified":"2024-05-06T10:52:34+00:00","description":"Imprint according to \u00a75 Telemediengesetz: Air Energy Entwicklungs GmbH & Co. KG Gewerbepark Brand 7852078 Aachen, Responsible: Christoph Sch\u00e4per","breadcrumb":{"@id":"https:\/\/www.airenergy.de\/en\/impressum\/#breadcrumb"},"inLanguage":"de","potentialAction":[{"@type":"ReadAction","target":["https:\/\/www.airenergy.de\/en\/impressum\/"]}]},{"@type":"BreadcrumbList","@id":"https:\/\/www.airenergy.de\/en\/impressum\/#breadcrumb","itemListElement":[{"@type":"ListItem","position":1,"name":"Startseite","item":"https:\/\/www.airenergy.de\/en\/"},{"@type":"ListItem","position":2,"name":"Impressum"}]},{"@type":"WebSite","@id":"https:\/\/www.airenergy.de\/en\/#website","url":"https:\/\/www.airenergy.de\/en\/","name":"Welcome to Air Energy","description":"Battery Systems and Electronics","potentialAction":[{"@type":"SearchAction","target":{"@type":"EntryPoint","urlTemplate":"https:\/\/www.airenergy.de\/en\/?s={search_term_string}"},"query-input":{"@type":"PropertyValueSpecification","valueRequired":true,"valueName":"search_term_string"}}],"inLanguage":"de"}]}},"_links":{"self":[{"href":"https:\/\/www.airenergy.de\/en\/wp-json\/wp\/v2\/pages\/222","targetHints":{"allow":["GET"]}}],"collection":[{"href":"https:\/\/www.airenergy.de\/en\/wp-json\/wp\/v2\/pages"}],"about":[{"href":"https:\/\/www.airenergy.de\/en\/wp-json\/wp\/v2\/types\/page"}],"author":[{"embeddable":true,"href":"https:\/\/www.airenergy.de\/en\/wp-json\/wp\/v2\/users\/1"}],"replies":[{"embeddable":true,"href":"https:\/\/www.airenergy.de\/en\/wp-json\/wp\/v2\/comments?post=222"}],"version-history":[{"count":4,"href":"https:\/\/www.airenergy.de\/en\/wp-json\/wp\/v2\/pages\/222\/revisions"}],"predecessor-version":[{"id":576,"href":"https:\/\/www.airenergy.de\/en\/wp-json\/wp\/v2\/pages\/222\/revisions\/576"}],"wp:attachment":[{"href":"https:\/\/www.airenergy.de\/en\/wp-json\/wp\/v2\/media?parent=222"}],"curies":[{"name":"wp","href":"https:\/\/api.w.org\/{rel}","templated":true}]}}